{"id":1692,"date":"2022-01-20T06:55:38","date_gmt":"2022-01-20T06:55:38","guid":{"rendered":"https:\/\/www.eplaneth2020.eu\/kontakt\/"},"modified":"2024-01-26T11:06:23","modified_gmt":"2024-01-26T11:06:23","slug":"kontakt","status":"publish","type":"page","link":"https:\/\/www.eplaneth2020.eu\/cs\/kontakt\/","title":{"rendered":"Kontakt"},"content":{"rendered":"<p>[et_pb_section fb_built=&#8220;1&#8243; _builder_version=&#8220;4.16&#8243; _module_preset=&#8220;default&#8220; background_color=&#8220;rgba(239,239,239,0.75)&#8220; global_colors_info=&#8220;{}&#8220;][et_pb_row column_structure=&#8220;2_5,3_5&#8243; _builder_version=&#8220;4.16&#8243; _module_preset=&#8220;default&#8220; global_colors_info=&#8220;{}&#8220;][et_pb_column type=&#8220;2_5&#8243; _builder_version=&#8220;4.16&#8243; _module_preset=&#8220;default&#8220; global_colors_info=&#8220;{}&#8220;][et_pb_text _builder_version=&#8220;4.16&#8243; _module_preset=&#8220;default&#8220; text_text_color=&#8220;#1856a0&#8243; header_font=&#8220;Arvo|700|||||||&#8220; header_text_align=&#8220;left&#8220; header_text_color=&#8220;#1856A0&#8243; locked=&#8220;off&#8220; global_colors_info=&#8220;{}&#8220;]<\/p>\n<h1><strong>Kontaktujte n\u00e1s<\/strong><\/h1>\n<p>[\/et_pb_text][et_pb_text _builder_version=&#8220;4.16&#8243; _module_preset=&#8220;default&#8220; global_colors_info=&#8220;{}&#8220;]<\/p>\n<h3>M\u016f\u017eete n\u00e1s kontaktovat e-mailem, pomoc\u00ed soci\u00e1ln\u00edch s\u00edt\u00ed nebo prost\u0159ednictv\u00edm kontaktn\u00edho formul\u00e1\u0159e. <\/h3>\n<p>[\/et_pb_text][et_pb_text _builder_version=&#8220;4.24.0&#8243; _module_preset=&#8220;default&#8220; link_option_url=&#8220;mailto:glaguna@cimne.upc.edu&#8220; link_option_url_new_window=&#8220;on&#8220; hover_enabled=&#8220;0&#8243; global_colors_info=&#8220;{}&#8220; sticky_enabled=&#8220;0&#8243;]<\/p>\n<p><strong>Projektov\u00fd koordin\u00e1tor: Gerard LAGUNA<\/strong><br \/>glaguna@cimne.upc.edu<\/p>\n<p>[\/et_pb_text][et_pb_social_media_follow _builder_version=&#8220;4.16&#8243; _module_preset=&#8220;default&#8220; global_colors_info=&#8220;{}&#8220;][et_pb_social_media_follow_network social_network=&#8220;linkedin&#8220; url=&#8220;https:\/\/es.linkedin.com\/company\/eplaneth2020&#8243; _builder_version=&#8220;4.16&#8243; _module_preset=&#8220;default&#8220; background_color=&#8220;#007bb6&#8243; global_colors_info=&#8220;{}&#8220; follow_button=&#8220;off&#8220; url_new_window=&#8220;on&#8220;]linkedin[\/et_pb_social_media_follow_network][et_pb_social_media_follow_network social_network=&#8220;youtube&#8220; url=&#8220;https:\/\/www.youtube.com\/channel\/UCFFtzwLr1kh-J_kB74zlAtA&#8220; _builder_version=&#8220;4.16&#8243; _module_preset=&#8220;default&#8220; background_color=&#8220;#a82400&#8243; global_colors_info=&#8220;{}&#8220; follow_button=&#8220;off&#8220; url_new_window=&#8220;on&#8220;]youtube[\/et_pb_social_media_follow_network][et_pb_social_media_follow_network social_network=&#8220;twitter&#8220; url=&#8220;https:\/\/mobile.twitter.com\/ePlanetH2020&#8243; _builder_version=&#8220;4.22.2&#8243; _module_preset=&#8220;default&#8220; background_color=&#8220;#000000&#8243; global_colors_info=&#8220;{}&#8220; follow_button=&#8220;off&#8220; url_new_window=&#8220;on&#8220;]twitter[\/et_pb_social_media_follow_network][\/et_pb_social_media_follow][\/et_pb_column][et_pb_column type=&#8220;3_5&#8243; _builder_version=&#8220;4.16&#8243; _module_preset=&#8220;default&#8220; global_colors_info=&#8220;{}&#8220;][et_pb_contact_form email=&#8220;info@eplaneth2020.eu&#8220; disabled_on=&#8220;off|off|off&#8220; admin_label=&#8220;Contact Form&#8220; _builder_version=&#8220;4.16&#8243; _module_preset=&#8220;default&#8220; _unique_id=&#8220;7bb596de-899b-4a36-af57-4b282c97e3a9&#8243; form_field_background_color=&#8220;#FFFFFF&#8220; background_color=&#8220;RGBA(255,255,255,0)&#8220; custom_button=&#8220;on&#8220; button_border_radius=&#8220;24px&#8220; button_font=&#8220;|||on|||||&#8220; link_option_url_new_window=&#8220;on&#8220; border_radii=&#8220;on|12px|12px|12px|12px&#8220; global_colors_info=&#8220;{}&#8220;][et_pb_contact_field field_id=&#8220;Name&#8220; field_title=&#8220;N\u00e1zev&#8220; _builder_version=&#8220;4.16&#8243; global_colors_info=&#8220;{}&#8220; button_text_size__hover_enabled=&#8220;off&#8220; button_one_text_size__hover_enabled=&#8220;off&#8220; button_two_text_size__hover_enabled=&#8220;off&#8220; button_text_color__hover_enabled=&#8220;off&#8220; button_one_text_color__hover_enabled=&#8220;off&#8220; button_two_text_color__hover_enabled=&#8220;off&#8220; button_border_width__hover_enabled=&#8220;off&#8220; button_one_border_width__hover_enabled=&#8220;off&#8220; button_two_border_width__hover_enabled=&#8220;off&#8220; button_border_color__hover_enabled=&#8220;off&#8220; button_one_border_color__hover_enabled=&#8220;off&#8220; button_two_border_color__hover_enabled=&#8220;off&#8220; button_border_radius__hover_enabled=&#8220;off&#8220; button_one_border_radius__hover_enabled=&#8220;off&#8220; button_two_border_radius__hover_enabled=&#8220;off&#8220; button_letter_spacing__hover_enabled=&#8220;off&#8220; button_one_letter_spacing__hover_enabled=&#8220;off&#8220; button_two_letter_spacing__hover_enabled=&#8220;off&#8220; button_bg_color__hover_enabled=&#8220;off&#8220; button_one_bg_color__hover_enabled=&#8220;off&#8220; button_two_bg_color__hover_enabled=&#8220;off&#8220;][\/et_pb_contact_field][et_pb_contact_field field_id=&#8220;Email&#8220; field_title=&#8220;Emailov\u00e1 adresa&#8220; field_type=&#8220;email&#8220; fullwidth_field=&#8220;on&#8220; _builder_version=&#8220;4.16&#8243; global_colors_info=&#8220;{}&#8220; button_text_size__hover_enabled=&#8220;off&#8220; button_one_text_size__hover_enabled=&#8220;off&#8220; button_two_text_size__hover_enabled=&#8220;off&#8220; button_text_color__hover_enabled=&#8220;off&#8220; button_one_text_color__hover_enabled=&#8220;off&#8220; button_two_text_color__hover_enabled=&#8220;off&#8220; button_border_width__hover_enabled=&#8220;off&#8220; button_one_border_width__hover_enabled=&#8220;off&#8220; button_two_border_width__hover_enabled=&#8220;off&#8220; button_border_color__hover_enabled=&#8220;off&#8220; button_one_border_color__hover_enabled=&#8220;off&#8220; button_two_border_color__hover_enabled=&#8220;off&#8220; button_border_radius__hover_enabled=&#8220;off&#8220; button_one_border_radius__hover_enabled=&#8220;off&#8220; button_two_border_radius__hover_enabled=&#8220;off&#8220; button_letter_spacing__hover_enabled=&#8220;off&#8220; button_one_letter_spacing__hover_enabled=&#8220;off&#8220; button_two_letter_spacing__hover_enabled=&#8220;off&#8220; button_bg_color__hover_enabled=&#8220;off&#8220; button_one_bg_color__hover_enabled=&#8220;off&#8220; button_two_bg_color__hover_enabled=&#8220;off&#8220;][\/et_pb_contact_field][et_pb_contact_field field_id=&#8220;Message&#8220; field_title=&#8220;Zpr\u00e1va &#8220; field_type=&#8220;text&#8220; fullwidth_field=&#8220;on&#8220; _builder_version=&#8220;4.16&#8243; global_colors_info=&#8220;{}&#8220; button_text_size__hover_enabled=&#8220;off&#8220; button_one_text_size__hover_enabled=&#8220;off&#8220; button_two_text_size__hover_enabled=&#8220;off&#8220; button_text_color__hover_enabled=&#8220;off&#8220; button_one_text_color__hover_enabled=&#8220;off&#8220; button_two_text_color__hover_enabled=&#8220;off&#8220; button_border_width__hover_enabled=&#8220;off&#8220; button_one_border_width__hover_enabled=&#8220;off&#8220; button_two_border_width__hover_enabled=&#8220;off&#8220; button_border_color__hover_enabled=&#8220;off&#8220; button_one_border_color__hover_enabled=&#8220;off&#8220; button_two_border_color__hover_enabled=&#8220;off&#8220; button_border_radius__hover_enabled=&#8220;off&#8220; button_one_border_radius__hover_enabled=&#8220;off&#8220; button_two_border_radius__hover_enabled=&#8220;off&#8220; button_letter_spacing__hover_enabled=&#8220;off&#8220; button_one_letter_spacing__hover_enabled=&#8220;off&#8220; button_two_letter_spacing__hover_enabled=&#8220;off&#8220; button_bg_color__hover_enabled=&#8220;off&#8220; button_one_bg_color__hover_enabled=&#8220;off&#8220; button_two_bg_color__hover_enabled=&#8220;off&#8220;][\/et_pb_contact_field][et_pb_contact_field field_id=&#8220;GRPD&#8220; field_title=&#8220; &#8220; field_type=&#8220;checkbox&#8220; checkbox_options=&#8220;%91{%22value%22:%22Souhlas\u00edm se zpracov\u00e1n\u00edm poskytnut\u00fdch osobn\u00edch \u00fadaj\u016f, jak je pops\u00e1no v na\u0161em ozn\u00e1men\u00ed o ochran\u011b osobn\u00edch \u00fadaj\u016f %22,%22checked%22:0,%22dragID%22:-1}%93&#8243; fullwidth_field=&#8220;on&#8220; _builder_version=&#8220;4.16&#8243; _module_preset=&#8220;default&#8220; global_colors_info=&#8220;{}&#8220;][\/et_pb_contact_field][\/et_pb_contact_form][\/et_pb_column][\/et_pb_row][\/et_pb_section][et_pb_section fb_built=&#8220;1&#8243; inner_shadow=&#8220;on&#8220; _builder_version=&#8220;4.16&#8243; _module_preset=&#8220;default&#8220; background_color=&#8220;#FFFFFF&#8220; use_background_color_gradient=&#8220;on&#8220; background_color_gradient_direction=&#8220;30deg&#8220; background_color_gradient_stops=&#8220;rgba(43,135,218,0.21) 0%|rgba(41,196,169,0.21) 100%&#8220; background_color_gradient_start=&#8220;rgba(43,135,218,0.21)&#8220; background_color_gradient_end=&#8220;rgba(41,196,169,0.21)&#8220; locked=&#8220;off&#8220; global_colors_info=&#8220;{}&#8220;][et_pb_row _builder_version=&#8220;4.16&#8243; _module_preset=&#8220;default&#8220; background_color=&#8220;RGBA(255,255,255,0)&#8220; global_colors_info=&#8220;{}&#8220;][et_pb_column type=&#8220;4_4&#8243; _builder_version=&#8220;4.16&#8243; _module_preset=&#8220;default&#8220; background_color=&#8220;RGBA(255,255,255,0)&#8220; global_colors_info=&#8220;{}&#8220;][et_pb_text _builder_version=&#8220;4.16&#8243; _module_preset=&#8220;default&#8220; background_color=&#8220;RGBA(255,255,255,0)&#8220; text_orientation=&#8220;center&#8220; global_colors_info=&#8220;{}&#8220;]<\/p>\n<h2><span style=\"font-weight: 400;\">Z\u016fsta\u0148te v kontaktu s projektem <strong>ePLANET.<\/strong> Odeb\u00edrejte n\u00e1\u0161 newsletter <\/span><\/h2>\n<p>[\/et_pb_text][et_pb_button button_url=&#8220;http:\/\/eepurl.com\/hTJvn5&#8243; url_new_window=&#8220;on&#8220; button_text=&#8220;P\u0158IPOJTE SE K N\u00c1M&#8220; button_alignment=&#8220;center&#8220; _builder_version=&#8220;4.16&#8243; _module_preset=&#8220;default&#8220; custom_button=&#8220;on&#8220; button_border_radius=&#8220;24px&#8220; custom_margin=&#8220;|24px||24px|false|false&#8220; custom_padding=&#8220;|24px||24px|false|false&#8220; global_colors_info=&#8220;{}&#8220;][\/et_pb_button][\/et_pb_column][\/et_pb_row][\/et_pb_section]<\/p>\n","protected":false},"excerpt":{"rendered":"<p>Projekt ePLANET &#8211; Kontaktn\u00ed formul\u00e1\u0159 a kontaktn\u00ed \u00fadaje projektu<\/p>\n","protected":false},"author":1,"featured_media":0,"parent":0,"menu_order":0,"comment_status":"closed","ping_status":"closed","template":"","meta":{"_acf_changed":false,"_et_pb_use_builder":"on","_et_pb_old_content":"","_et_gb_content_width":"","footnotes":""},"class_list":["post-1692","page","type-page","status-publish","hentry"],"acf":[],"yoast_head":"<!-- This site is optimized with the Yoast SEO plugin v27.3 - https:\/\/yoast.com\/product\/yoast-seo-wordpress\/ -->\n<title>Projekt ePLANET - kontaktn\u00ed formul\u00e1\u0159<\/title>\n<meta name=\"description\" content=\"Projekt ePLANET - Chcete se s n\u00e1mi spojit? Zde naleznete kontaktn\u00ed formul\u00e1\u0159 a kontaktn\u00ed \u00fadaje tohoto projektu H2020\" \/>\n<meta name=\"robots\" content=\"index, follow, max-snippet:-1, max-image-preview:large, max-video-preview:-1\" \/>\n<link rel=\"canonical\" href=\"https:\/\/www.eplaneth2020.eu\/cs\/kontakt\/\" \/>\n<meta property=\"og:locale\" content=\"cs_CZ\" \/>\n<meta property=\"og:type\" content=\"article\" \/>\n<meta property=\"og:title\" content=\"Projekt ePLANET - kontaktn\u00ed formul\u00e1\u0159\" \/>\n<meta property=\"og:description\" content=\"Projekt ePLANET - Chcete se s n\u00e1mi spojit? Zde naleznete kontaktn\u00ed formul\u00e1\u0159 a kontaktn\u00ed \u00fadaje tohoto projektu H2020\" \/>\n<meta property=\"og:url\" content=\"https:\/\/www.eplaneth2020.eu\/cs\/kontakt\/\" \/>\n<meta property=\"og:site_name\" content=\"eplanet h2020\" \/>\n<meta property=\"article:modified_time\" content=\"2024-01-26T11:06:23+00:00\" \/>\n<meta name=\"twitter:card\" content=\"summary_large_image\" \/>\n<meta name=\"twitter:label1\" content=\"Odhadovan\u00e1 doba \u010dten\u00ed\" \/>\n\t<meta name=\"twitter:data1\" content=\"6 minut\" \/>\n<script type=\"application\/ld+json\" class=\"yoast-schema-graph\">{\"@context\":\"https:\\\/\\\/schema.org\",\"@graph\":[{\"@type\":\"WebPage\",\"@id\":\"https:\\\/\\\/www.eplaneth2020.eu\\\/cs\\\/kontakt\\\/\",\"url\":\"https:\\\/\\\/www.eplaneth2020.eu\\\/cs\\\/kontakt\\\/\",\"name\":\"Projekt ePLANET - kontaktn\u00ed formul\u00e1\u0159\",\"isPartOf\":{\"@id\":\"https:\\\/\\\/www.eplaneth2020.eu\\\/#website\"},\"datePublished\":\"2022-01-20T06:55:38+00:00\",\"dateModified\":\"2024-01-26T11:06:23+00:00\",\"description\":\"Projekt ePLANET - Chcete se s n\u00e1mi spojit? Zde naleznete kontaktn\u00ed formul\u00e1\u0159 a kontaktn\u00ed \u00fadaje tohoto projektu H2020\",\"breadcrumb\":{\"@id\":\"https:\\\/\\\/www.eplaneth2020.eu\\\/cs\\\/kontakt\\\/#breadcrumb\"},\"inLanguage\":\"cs\",\"potentialAction\":[{\"@type\":\"ReadAction\",\"target\":[\"https:\\\/\\\/www.eplaneth2020.eu\\\/cs\\\/kontakt\\\/\"]}]},{\"@type\":\"BreadcrumbList\",\"@id\":\"https:\\\/\\\/www.eplaneth2020.eu\\\/cs\\\/kontakt\\\/#breadcrumb\",\"itemListElement\":[{\"@type\":\"ListItem\",\"position\":1,\"name\":\"Home\",\"item\":\"https:\\\/\\\/www.eplaneth2020.eu\\\/cs\\\/\"},{\"@type\":\"ListItem\",\"position\":2,\"name\":\"Kontakt\"}]},{\"@type\":\"WebSite\",\"@id\":\"https:\\\/\\\/www.eplaneth2020.eu\\\/#website\",\"url\":\"https:\\\/\\\/www.eplaneth2020.eu\\\/\",\"name\":\"eplanet h2020\",\"description\":\"eplanet project facilitating the adoption of coordinated energy transition actions by the European public sector\",\"publisher\":{\"@id\":\"https:\\\/\\\/www.eplaneth2020.eu\\\/#organization\"},\"potentialAction\":[{\"@type\":\"SearchAction\",\"target\":{\"@type\":\"EntryPoint\",\"urlTemplate\":\"https:\\\/\\\/www.eplaneth2020.eu\\\/?s={search_term_string}\"},\"query-input\":{\"@type\":\"PropertyValueSpecification\",\"valueRequired\":true,\"valueName\":\"search_term_string\"}}],\"inLanguage\":\"cs\"},{\"@type\":\"Organization\",\"@id\":\"https:\\\/\\\/www.eplaneth2020.eu\\\/#organization\",\"name\":\"eplanet h2020\",\"url\":\"https:\\\/\\\/www.eplaneth2020.eu\\\/\",\"logo\":{\"@type\":\"ImageObject\",\"inLanguage\":\"cs\",\"@id\":\"https:\\\/\\\/www.eplaneth2020.eu\\\/#\\\/schema\\\/logo\\\/image\\\/\",\"url\":\"https:\\\/\\\/www.eplaneth2020.eu\\\/wp-content\\\/uploads\\\/2021\\\/12\\\/eplanet.png\",\"contentUrl\":\"https:\\\/\\\/www.eplaneth2020.eu\\\/wp-content\\\/uploads\\\/2021\\\/12\\\/eplanet.png\",\"width\":362,\"height\":159,\"caption\":\"eplanet h2020\"},\"image\":{\"@id\":\"https:\\\/\\\/www.eplaneth2020.eu\\\/#\\\/schema\\\/logo\\\/image\\\/\"}}]}<\/script>\n<!-- \/ Yoast SEO plugin. -->","yoast_head_json":{"title":"Projekt ePLANET - kontaktn\u00ed formul\u00e1\u0159","description":"Projekt ePLANET - Chcete se s n\u00e1mi spojit? Zde naleznete kontaktn\u00ed formul\u00e1\u0159 a kontaktn\u00ed \u00fadaje tohoto projektu H2020","robots":{"index":"index","follow":"follow","max-snippet":"max-snippet:-1","max-image-preview":"max-image-preview:large","max-video-preview":"max-video-preview:-1"},"canonical":"https:\/\/www.eplaneth2020.eu\/cs\/kontakt\/","og_locale":"cs_CZ","og_type":"article","og_title":"Projekt ePLANET - kontaktn\u00ed formul\u00e1\u0159","og_description":"Projekt ePLANET - Chcete se s n\u00e1mi spojit? Zde naleznete kontaktn\u00ed formul\u00e1\u0159 a kontaktn\u00ed \u00fadaje tohoto projektu H2020","og_url":"https:\/\/www.eplaneth2020.eu\/cs\/kontakt\/","og_site_name":"eplanet h2020","article_modified_time":"2024-01-26T11:06:23+00:00","twitter_card":"summary_large_image","twitter_misc":{"Odhadovan\u00e1 doba \u010dten\u00ed":"6 minut"},"schema":{"@context":"https:\/\/schema.org","@graph":[{"@type":"WebPage","@id":"https:\/\/www.eplaneth2020.eu\/cs\/kontakt\/","url":"https:\/\/www.eplaneth2020.eu\/cs\/kontakt\/","name":"Projekt ePLANET - kontaktn\u00ed formul\u00e1\u0159","isPartOf":{"@id":"https:\/\/www.eplaneth2020.eu\/#website"},"datePublished":"2022-01-20T06:55:38+00:00","dateModified":"2024-01-26T11:06:23+00:00","description":"Projekt ePLANET - Chcete se s n\u00e1mi spojit? Zde naleznete kontaktn\u00ed formul\u00e1\u0159 a kontaktn\u00ed \u00fadaje tohoto projektu H2020","breadcrumb":{"@id":"https:\/\/www.eplaneth2020.eu\/cs\/kontakt\/#breadcrumb"},"inLanguage":"cs","potentialAction":[{"@type":"ReadAction","target":["https:\/\/www.eplaneth2020.eu\/cs\/kontakt\/"]}]},{"@type":"BreadcrumbList","@id":"https:\/\/www.eplaneth2020.eu\/cs\/kontakt\/#breadcrumb","itemListElement":[{"@type":"ListItem","position":1,"name":"Home","item":"https:\/\/www.eplaneth2020.eu\/cs\/"},{"@type":"ListItem","position":2,"name":"Kontakt"}]},{"@type":"WebSite","@id":"https:\/\/www.eplaneth2020.eu\/#website","url":"https:\/\/www.eplaneth2020.eu\/","name":"eplanet h2020","description":"eplanet project facilitating the adoption of coordinated energy transition actions by the European public sector","publisher":{"@id":"https:\/\/www.eplaneth2020.eu\/#organization"},"potentialAction":[{"@type":"SearchAction","target":{"@type":"EntryPoint","urlTemplate":"https:\/\/www.eplaneth2020.eu\/?s={search_term_string}"},"query-input":{"@type":"PropertyValueSpecification","valueRequired":true,"valueName":"search_term_string"}}],"inLanguage":"cs"},{"@type":"Organization","@id":"https:\/\/www.eplaneth2020.eu\/#organization","name":"eplanet h2020","url":"https:\/\/www.eplaneth2020.eu\/","logo":{"@type":"ImageObject","inLanguage":"cs","@id":"https:\/\/www.eplaneth2020.eu\/#\/schema\/logo\/image\/","url":"https:\/\/www.eplaneth2020.eu\/wp-content\/uploads\/2021\/12\/eplanet.png","contentUrl":"https:\/\/www.eplaneth2020.eu\/wp-content\/uploads\/2021\/12\/eplanet.png","width":362,"height":159,"caption":"eplanet h2020"},"image":{"@id":"https:\/\/www.eplaneth2020.eu\/#\/schema\/logo\/image\/"}}]}},"_links":{"self":[{"href":"https:\/\/www.eplaneth2020.eu\/cs\/wp-json\/wp\/v2\/pages\/1692","targetHints":{"allow":["GET"]}}],"collection":[{"href":"https:\/\/www.eplaneth2020.eu\/cs\/wp-json\/wp\/v2\/pages"}],"about":[{"href":"https:\/\/www.eplaneth2020.eu\/cs\/wp-json\/wp\/v2\/types\/page"}],"author":[{"embeddable":true,"href":"https:\/\/www.eplaneth2020.eu\/cs\/wp-json\/wp\/v2\/users\/1"}],"replies":[{"embeddable":true,"href":"https:\/\/www.eplaneth2020.eu\/cs\/wp-json\/wp\/v2\/comments?post=1692"}],"version-history":[{"count":4,"href":"https:\/\/www.eplaneth2020.eu\/cs\/wp-json\/wp\/v2\/pages\/1692\/revisions"}],"predecessor-version":[{"id":2302,"href":"https:\/\/www.eplaneth2020.eu\/cs\/wp-json\/wp\/v2\/pages\/1692\/revisions\/2302"}],"wp:attachment":[{"href":"https:\/\/www.eplaneth2020.eu\/cs\/wp-json\/wp\/v2\/media?parent=1692"}],"curies":[{"name":"wp","href":"https:\/\/api.w.org\/{rel}","templated":true}]}}