{"id":1698,"date":"2021-12-23T05:00:16","date_gmt":"2021-12-23T05:00:16","guid":{"rendered":"https:\/\/www.eplaneth2020.eu\/novinky\/"},"modified":"2022-03-24T16:03:56","modified_gmt":"2022-03-24T16:03:56","slug":"novinky","status":"publish","type":"page","link":"https:\/\/www.eplaneth2020.eu\/cs\/novinky\/","title":{"rendered":"Novinky"},"content":{"rendered":"<p>[et_pb_section fb_built=&#8220;1&#8243; admin_label=&#8220;News&#8220; _builder_version=&#8220;4.14.8&#8243; global_colors_info=&#8220;{}&#8220;][et_pb_row admin_label=&#8220;row&#8220; _builder_version=&#8220;3.25&#8243; background_size=&#8220;initial&#8220; background_position=&#8220;top_left&#8220; background_repeat=&#8220;repeat&#8220; global_colors_info=&#8220;{}&#8220;][et_pb_column type=&#8220;4_4&#8243; _builder_version=&#8220;3.25&#8243; custom_padding=&#8220;|||&#8220; global_colors_info=&#8220;{}&#8220; custom_padding__hover=&#8220;|||&#8220;][et_pb_blog fullwidth=&#8220;off&#8220; include_categories=&#8220;all&#8220; show_author=&#8220;off&#8220; show_categories=&#8220;off&#8220; _builder_version=&#8220;4.14.2&#8243; _module_preset=&#8220;default&#8220; header_font=&#8220;|700|||||||&#8220; header_font_size=&#8220;24px&#8220; meta_font=&#8220;|700|||||||&#8220; meta_font_size=&#8220;13px&#8220; border_radii=&#8220;on|24px|24px|24px|24px&#8220; border_radii_image=&#8220;off|24px|24px||&#8220; border_width_all_image=&#8220;4px&#8220; border_color_all_image=&#8220;#FFFFFF&#8220; box_shadow_style=&#8220;preset1&#8243; global_colors_info=&#8220;{}&#8220;][\/et_pb_blog][\/et_pb_column][\/et_pb_row][\/et_pb_section][et_pb_section fb_built=&#8220;1&#8243; inner_shadow=&#8220;on&#8220; admin_label=&#8220;Join Us&#8220; _builder_version=&#8220;4.14.8&#8243; _module_preset=&#8220;default&#8220; background_color=&#8220;#FFFFFF&#8220; use_background_color_gradient=&#8220;on&#8220; background_color_gradient_start=&#8220;rgba(43,135,218,0.21)&#8220; background_color_gradient_end=&#8220;rgba(41,196,169,0.21)&#8220; background_color_gradient_direction=&#8220;30deg&#8220; locked=&#8220;off&#8220; global_colors_info=&#8220;{}&#8220;][et_pb_row _builder_version=&#8220;4.14.2&#8243; _module_preset=&#8220;default&#8220; background_color=&#8220;RGBA(255,255,255,0)&#8220; global_colors_info=&#8220;{}&#8220;][et_pb_column type=&#8220;4_4&#8243; _builder_version=&#8220;4.14.2&#8243; _module_preset=&#8220;default&#8220; background_color=&#8220;RGBA(255,255,255,0)&#8220; global_colors_info=&#8220;{}&#8220;][et_pb_text admin_label=&#8220;Stay in touch\u2026&#8220; _builder_version=&#8220;4.14.8&#8243; _module_preset=&#8220;default&#8220; background_color=&#8220;RGBA(255,255,255,0)&#8220; text_orientation=&#8220;center&#8220; global_colors_info=&#8220;{}&#8220;]<\/p>\n<h2><span style=\"font-weight: 400;\">Z\u016fsta\u0148te v kontaktu s projektem <strong>ePLANET project.<\/strong> Odeb\u00edrejte n\u00e1\u0161 newsletter<\/span><\/h2>\n<p>[\/et_pb_text][et_pb_button button_url=&#8220;http:\/\/eepurl.com\/hTJvn5&#8243; button_text=&#8220;P\u0158IPOJTE SE K N\u00c1M&#8220; button_alignment=&#8220;center&#8220; _builder_version=&#8220;4.14.9&#8243; _module_preset=&#8220;default&#8220; custom_button=&#8220;on&#8220; button_border_radius=&#8220;24px&#8220; custom_margin=&#8220;|24px||24px|false|false&#8220; custom_padding=&#8220;|24px||24px|false|false&#8220; hover_enabled=&#8220;0&#8243; global_colors_info=&#8220;{}&#8220; url_new_window=&#8220;on&#8220; sticky_enabled=&#8220;0&#8243;][\/et_pb_button][\/et_pb_column][\/et_pb_row][\/et_pb_section]<\/p>\n","protected":false},"excerpt":{"rendered":"<p>Projekt ePLANET &#8211; Nejnov\u011bj\u0161\u00ed zpr\u00e1vy o projektu <\/p>\n","protected":false},"author":1,"featured_media":0,"parent":0,"menu_order":0,"comment_status":"closed","ping_status":"closed","template":"","meta":{"_acf_changed":false,"_et_pb_use_builder":"on","_et_pb_old_content":"","_et_gb_content_width":"","footnotes":""},"class_list":["post-1698","page","type-page","status-publish","hentry"],"acf":[],"yoast_head":"<!-- This site is optimized with the Yoast SEO plugin v27.3 - https:\/\/yoast.com\/product\/yoast-seo-wordpress\/ -->\n<title>ePLANET - sekce Novinky<\/title>\n<meta name=\"description\" content=\"Z\u016fsta\u0148te nalad\u011bni na nejnov\u011bj\u0161\u00ed zpr\u00e1vy o projektu ePLANET, projektu H2020, kter\u00fd usnad\u0148uje p\u0159ij\u00edm\u00e1n\u00ed opat\u0159en\u00ed pro p\u0159echod na energii\" \/>\n<meta name=\"robots\" content=\"index, follow, max-snippet:-1, max-image-preview:large, max-video-preview:-1\" \/>\n<link rel=\"canonical\" href=\"https:\/\/www.eplaneth2020.eu\/news\/\" \/>\n<meta property=\"og:locale\" content=\"cs_CZ\" \/>\n<meta property=\"og:type\" content=\"article\" \/>\n<meta property=\"og:title\" content=\"ePLANET - sekce Novinky\" \/>\n<meta property=\"og:description\" content=\"Z\u016fsta\u0148te nalad\u011bni na nejnov\u011bj\u0161\u00ed zpr\u00e1vy o projektu ePLANET, projektu H2020, kter\u00fd usnad\u0148uje p\u0159ij\u00edm\u00e1n\u00ed opat\u0159en\u00ed pro p\u0159echod na energii\" \/>\n<meta property=\"og:url\" content=\"https:\/\/www.eplaneth2020.eu\/news\/\" \/>\n<meta property=\"og:site_name\" content=\"eplanet h2020\" \/>\n<meta property=\"article:modified_time\" content=\"2022-03-24T16:03:56+00:00\" \/>\n<meta name=\"twitter:card\" content=\"summary_large_image\" \/>\n<meta name=\"twitter:label1\" content=\"Odhadovan\u00e1 doba \u010dten\u00ed\" \/>\n\t<meta name=\"twitter:data1\" content=\"2 minuty\" \/>\n<script type=\"application\/ld+json\" class=\"yoast-schema-graph\">{\"@context\":\"https:\\\/\\\/schema.org\",\"@graph\":[{\"@type\":\"WebPage\",\"@id\":\"https:\\\/\\\/www.eplaneth2020.eu\\\/news\\\/\",\"url\":\"https:\\\/\\\/www.eplaneth2020.eu\\\/news\\\/\",\"name\":\"ePLANET - sekce Novinky\",\"isPartOf\":{\"@id\":\"https:\\\/\\\/www.eplaneth2020.eu\\\/#website\"},\"datePublished\":\"2021-12-23T05:00:16+00:00\",\"dateModified\":\"2022-03-24T16:03:56+00:00\",\"description\":\"Z\u016fsta\u0148te nalad\u011bni na nejnov\u011bj\u0161\u00ed zpr\u00e1vy o projektu ePLANET, projektu H2020, kter\u00fd usnad\u0148uje p\u0159ij\u00edm\u00e1n\u00ed opat\u0159en\u00ed pro p\u0159echod na energii\",\"breadcrumb\":{\"@id\":\"https:\\\/\\\/www.eplaneth2020.eu\\\/news\\\/#breadcrumb\"},\"inLanguage\":\"cs\",\"potentialAction\":[{\"@type\":\"ReadAction\",\"target\":[\"https:\\\/\\\/www.eplaneth2020.eu\\\/news\\\/\"]}]},{\"@type\":\"BreadcrumbList\",\"@id\":\"https:\\\/\\\/www.eplaneth2020.eu\\\/news\\\/#breadcrumb\",\"itemListElement\":[{\"@type\":\"ListItem\",\"position\":1,\"name\":\"Home\",\"item\":\"https:\\\/\\\/www.eplaneth2020.eu\\\/cs\\\/\"},{\"@type\":\"ListItem\",\"position\":2,\"name\":\"Novinky\"}]},{\"@type\":\"WebSite\",\"@id\":\"https:\\\/\\\/www.eplaneth2020.eu\\\/#website\",\"url\":\"https:\\\/\\\/www.eplaneth2020.eu\\\/\",\"name\":\"eplanet h2020\",\"description\":\"eplanet project facilitating the adoption of coordinated energy transition actions by the European public sector\",\"publisher\":{\"@id\":\"https:\\\/\\\/www.eplaneth2020.eu\\\/#organization\"},\"potentialAction\":[{\"@type\":\"SearchAction\",\"target\":{\"@type\":\"EntryPoint\",\"urlTemplate\":\"https:\\\/\\\/www.eplaneth2020.eu\\\/?s={search_term_string}\"},\"query-input\":{\"@type\":\"PropertyValueSpecification\",\"valueRequired\":true,\"valueName\":\"search_term_string\"}}],\"inLanguage\":\"cs\"},{\"@type\":\"Organization\",\"@id\":\"https:\\\/\\\/www.eplaneth2020.eu\\\/#organization\",\"name\":\"eplanet h2020\",\"url\":\"https:\\\/\\\/www.eplaneth2020.eu\\\/\",\"logo\":{\"@type\":\"ImageObject\",\"inLanguage\":\"cs\",\"@id\":\"https:\\\/\\\/www.eplaneth2020.eu\\\/#\\\/schema\\\/logo\\\/image\\\/\",\"url\":\"https:\\\/\\\/www.eplaneth2020.eu\\\/wp-content\\\/uploads\\\/2021\\\/12\\\/eplanet.png\",\"contentUrl\":\"https:\\\/\\\/www.eplaneth2020.eu\\\/wp-content\\\/uploads\\\/2021\\\/12\\\/eplanet.png\",\"width\":362,\"height\":159,\"caption\":\"eplanet h2020\"},\"image\":{\"@id\":\"https:\\\/\\\/www.eplaneth2020.eu\\\/#\\\/schema\\\/logo\\\/image\\\/\"}}]}<\/script>\n<!-- \/ Yoast SEO plugin. -->","yoast_head_json":{"title":"ePLANET - sekce Novinky","description":"Z\u016fsta\u0148te nalad\u011bni na nejnov\u011bj\u0161\u00ed zpr\u00e1vy o projektu ePLANET, projektu H2020, kter\u00fd usnad\u0148uje p\u0159ij\u00edm\u00e1n\u00ed opat\u0159en\u00ed pro p\u0159echod na energii","robots":{"index":"index","follow":"follow","max-snippet":"max-snippet:-1","max-image-preview":"max-image-preview:large","max-video-preview":"max-video-preview:-1"},"canonical":"https:\/\/www.eplaneth2020.eu\/news\/","og_locale":"cs_CZ","og_type":"article","og_title":"ePLANET - sekce Novinky","og_description":"Z\u016fsta\u0148te nalad\u011bni na nejnov\u011bj\u0161\u00ed zpr\u00e1vy o projektu ePLANET, projektu H2020, kter\u00fd usnad\u0148uje p\u0159ij\u00edm\u00e1n\u00ed opat\u0159en\u00ed pro p\u0159echod na energii","og_url":"https:\/\/www.eplaneth2020.eu\/news\/","og_site_name":"eplanet h2020","article_modified_time":"2022-03-24T16:03:56+00:00","twitter_card":"summary_large_image","twitter_misc":{"Odhadovan\u00e1 doba \u010dten\u00ed":"2 minuty"},"schema":{"@context":"https:\/\/schema.org","@graph":[{"@type":"WebPage","@id":"https:\/\/www.eplaneth2020.eu\/news\/","url":"https:\/\/www.eplaneth2020.eu\/news\/","name":"ePLANET - sekce Novinky","isPartOf":{"@id":"https:\/\/www.eplaneth2020.eu\/#website"},"datePublished":"2021-12-23T05:00:16+00:00","dateModified":"2022-03-24T16:03:56+00:00","description":"Z\u016fsta\u0148te nalad\u011bni na nejnov\u011bj\u0161\u00ed zpr\u00e1vy o projektu ePLANET, projektu H2020, kter\u00fd usnad\u0148uje p\u0159ij\u00edm\u00e1n\u00ed opat\u0159en\u00ed pro p\u0159echod na energii","breadcrumb":{"@id":"https:\/\/www.eplaneth2020.eu\/news\/#breadcrumb"},"inLanguage":"cs","potentialAction":[{"@type":"ReadAction","target":["https:\/\/www.eplaneth2020.eu\/news\/"]}]},{"@type":"BreadcrumbList","@id":"https:\/\/www.eplaneth2020.eu\/news\/#breadcrumb","itemListElement":[{"@type":"ListItem","position":1,"name":"Home","item":"https:\/\/www.eplaneth2020.eu\/cs\/"},{"@type":"ListItem","position":2,"name":"Novinky"}]},{"@type":"WebSite","@id":"https:\/\/www.eplaneth2020.eu\/#website","url":"https:\/\/www.eplaneth2020.eu\/","name":"eplanet h2020","description":"eplanet project facilitating the adoption of coordinated energy transition actions by the European public sector","publisher":{"@id":"https:\/\/www.eplaneth2020.eu\/#organization"},"potentialAction":[{"@type":"SearchAction","target":{"@type":"EntryPoint","urlTemplate":"https:\/\/www.eplaneth2020.eu\/?s={search_term_string}"},"query-input":{"@type":"PropertyValueSpecification","valueRequired":true,"valueName":"search_term_string"}}],"inLanguage":"cs"},{"@type":"Organization","@id":"https:\/\/www.eplaneth2020.eu\/#organization","name":"eplanet h2020","url":"https:\/\/www.eplaneth2020.eu\/","logo":{"@type":"ImageObject","inLanguage":"cs","@id":"https:\/\/www.eplaneth2020.eu\/#\/schema\/logo\/image\/","url":"https:\/\/www.eplaneth2020.eu\/wp-content\/uploads\/2021\/12\/eplanet.png","contentUrl":"https:\/\/www.eplaneth2020.eu\/wp-content\/uploads\/2021\/12\/eplanet.png","width":362,"height":159,"caption":"eplanet h2020"},"image":{"@id":"https:\/\/www.eplaneth2020.eu\/#\/schema\/logo\/image\/"}}]}},"_links":{"self":[{"href":"https:\/\/www.eplaneth2020.eu\/cs\/wp-json\/wp\/v2\/pages\/1698","targetHints":{"allow":["GET"]}}],"collection":[{"href":"https:\/\/www.eplaneth2020.eu\/cs\/wp-json\/wp\/v2\/pages"}],"about":[{"href":"https:\/\/www.eplaneth2020.eu\/cs\/wp-json\/wp\/v2\/types\/page"}],"author":[{"embeddable":true,"href":"https:\/\/www.eplaneth2020.eu\/cs\/wp-json\/wp\/v2\/users\/1"}],"replies":[{"embeddable":true,"href":"https:\/\/www.eplaneth2020.eu\/cs\/wp-json\/wp\/v2\/comments?post=1698"}],"version-history":[{"count":4,"href":"https:\/\/www.eplaneth2020.eu\/cs\/wp-json\/wp\/v2\/pages\/1698\/revisions"}],"predecessor-version":[{"id":1702,"href":"https:\/\/www.eplaneth2020.eu\/cs\/wp-json\/wp\/v2\/pages\/1698\/revisions\/1702"}],"wp:attachment":[{"href":"https:\/\/www.eplaneth2020.eu\/cs\/wp-json\/wp\/v2\/media?parent=1698"}],"curies":[{"name":"wp","href":"https:\/\/api.w.org\/{rel}","templated":true}]}}