{"id":2788,"date":"2024-06-02T11:06:56","date_gmt":"2024-06-02T11:06:56","guid":{"rendered":"https:\/\/www.eplaneth2020.eu\/joint-agreement\/"},"modified":"2024-06-07T11:21:38","modified_gmt":"2024-06-07T11:21:38","slug":"joint-agreement","status":"publish","type":"page","link":"https:\/\/www.eplaneth2020.eu\/el\/joint-agreement\/","title":{"rendered":"Joint Agreement"},"content":{"rendered":"<p>[et_pb_section fb_built=&#8221;1&#8243; _builder_version=&#8221;4.25.1&#8243; _module_preset=&#8221;default&#8221; global_colors_info=&#8221;{}&#8221;][et_pb_row _builder_version=&#8221;4.25.1&#8243; _module_preset=&#8221;default&#8221; global_colors_info=&#8221;{}&#8221;][et_pb_column type=&#8221;4_4&#8243; _builder_version=&#8221;4.25.1&#8243; _module_preset=&#8221;default&#8221; global_colors_info=&#8221;{}&#8221;][et_pb_image src=&#8221;https:\/\/www.eplaneth2020.eu\/wp-content\/uploads\/2024\/06\/ePLANET-Joint-Agreement-banner-05.png&#8221; title_text=&#8221;ePLANET Joint Agreement &#8211; banner 05&#8243; admin_label=&#8221;Image &#8211; Title&#8221; _builder_version=&#8221;4.25.1&#8243; _module_preset=&#8221;default&#8221; global_colors_info=&#8221;{}&#8221;][\/et_pb_image][et_pb_image src=&#8221;https:\/\/www.eplaneth2020.eu\/wp-content\/uploads\/2024\/06\/ePLANET-Joint-Agreement-button-03-300&#215;63.png&#8221; title_text=&#8221;ePLANET Joint Agreement &#8211; button 03&#8243; url=&#8221;https:\/\/docs.google.com\/forms\/d\/e\/1FAIpQLSeJEAkVu2AEEuMUUnNuG0N9pORdSY1l3MzakbaST-0jfqcODA\/viewform&#8221; url_new_window=&#8221;on&#8221; align=&#8221;center&#8221; admin_label=&#8221;Image &#8211; Button Sign the Joint Agreement &#8221; _builder_version=&#8221;4.25.1&#8243; _module_preset=&#8221;default&#8221; custom_padding=&#8221;25px|25px|25px|25px|true|true&#8221; global_colors_info=&#8221;{}&#8221;][\/et_pb_image][et_pb_heading title=&#8221;Accelerating Energy Transition in the Public Sector, by improving coordination between local and regional authorities&#8221; admin_label=&#8221;Heading &#8211; Subtitle&#8221; _builder_version=&#8221;4.25.1&#8243; _module_preset=&#8221;default&#8221; title_level=&#8221;h2&#8243; title_text_align=&#8221;left&#8221; title_text_color=&#8221;#00748a&#8221; width=&#8221;80%&#8221; max_width=&#8221;80%&#8221; module_alignment=&#8221;center&#8221; global_colors_info=&#8221;{}&#8221;][\/et_pb_heading][et_pb_heading title=&#8221;In the face of escalating climate change, depleting natural resources, and increasing energy demands, the need for a sustainable and resilient energy system has never been more urgent. The following Joint Agreement is part of the ePLANET project summarising a collective commitment to transitioning towards a clean, efficient, and inclusive energy future. This Joint Agreement outlines our shared vision, principles, and actions necessary to drive the energy transition, ensuring a sustainable future for all.&#8221; admin_label=&#8221;Heading &#8211; Text 1 &#8221; _builder_version=&#8221;4.25.1&#8243; _module_preset=&#8221;default&#8221; title_level=&#8221;h4&#8243; title_font=&#8221;Trebuchet||||||||&#8221; title_text_align=&#8221;left&#8221; title_text_color=&#8221;#00748a&#8221; title_line_height=&#8221;1.2em&#8221; width=&#8221;80%&#8221; max_width=&#8221;80%&#8221; module_alignment=&#8221;center&#8221; global_colors_info=&#8221;{}&#8221;][\/et_pb_heading][et_pb_heading title=&#8221;Please read the following points carefully and indicate your agreement by checking the checkbox, then provide your name, institution, and email address.&#8221; admin_label=&#8221;Heading &#8211; Text 2 &#8221; _builder_version=&#8221;4.25.1&#8243; _module_preset=&#8221;default&#8221; title_level=&#8221;h4&#8243; title_font=&#8221;Trebuchet||||||||&#8221; title_text_align=&#8221;left&#8221; title_text_color=&#8221;#00748a&#8221; title_line_height=&#8221;1.2em&#8221; width=&#8221;80%&#8221; max_width=&#8221;80%&#8221; module_alignment=&#8221;center&#8221; global_colors_info=&#8221;{}&#8221;][\/et_pb_heading][et_pb_text admin_label=&#8221;Text &#8211; Agreement Points&#8221; _builder_version=&#8221;4.25.1&#8243; _module_preset=&#8221;default&#8221; header_text_color=&#8221;#FFFFFF&#8221; header_2_text_color=&#8221;#FFFFFF&#8221; header_5_text_color=&#8221;#FFFFFF&#8221; background_color=&#8221;#006f7b&#8221; width=&#8221;80%&#8221; max_width=&#8221;80%&#8221; module_alignment=&#8221;center&#8221; custom_margin=&#8221;10px|10px|10px|10px|true|true&#8221; custom_padding=&#8221;10px|20px|10px|20px|true|true&#8221; filter_opacity=&#8221;81%&#8221; border_radii=&#8221;on|25px|25px|25px|25px&#8221; box_shadow_style=&#8221;preset2&#8243; global_colors_info=&#8221;{}&#8221;]<\/p>\n<h2>Agreement Points:<\/h2>\n<p>&nbsp;<\/p>\n<ul>\n<li>\n<h5>I confirm my intention to utilise tools to track and analyse the Energy Transition advances.<\/h5>\n<\/li>\n<li>\n<h5>I share ePLANET&#8217;s vision of the development of coordinated activities and action plans towards energy transition, potentially with the addition of new figures and roles enhancing multi-level governance coordination for energy transition.<\/h5>\n<\/li>\n<li>\n<h5>I acknowledge the value of the policy recommendations at EU level developed by ePLANET and will consider them for potential integration into our future energy policy development or updates.<\/h5>\n<\/li>\n<li>\n<h5>I recognise that this agreement facilitates the dissemination of project results among local\/regional authorities and stakeholders, serving as a valuable capitalization tool.<\/h5>\n<\/li>\n<\/ul>\n<p>[\/et_pb_text][et_pb_image src=&#8221;https:\/\/www.eplaneth2020.eu\/wp-content\/uploads\/2024\/06\/ePLANET-Joint-Agreement-button-03-300&#215;63.png&#8221; title_text=&#8221;ePLANET Joint Agreement &#8211; button 03&#8243; url=&#8221;https:\/\/docs.google.com\/forms\/d\/e\/1FAIpQLSeJEAkVu2AEEuMUUnNuG0N9pORdSY1l3MzakbaST-0jfqcODA\/viewform&#8221; url_new_window=&#8221;on&#8221; align=&#8221;center&#8221; admin_label=&#8221;Image &#8211; Button Sign the Joint Agreement &#8221; _builder_version=&#8221;4.25.1&#8243; _module_preset=&#8221;default&#8221; custom_padding=&#8221;40px|25px|40px|25px|true|true&#8221; global_colors_info=&#8221;{}&#8221;][\/et_pb_image][et_pb_text admin_label=&#8221;Text &#8211; Already signed by&#8221; _builder_version=&#8221;4.25.1&#8243; _module_preset=&#8221;default&#8221; header_text_color=&#8221;#FFFFFF&#8221; header_2_text_color=&#8221;#00748a&#8221; header_5_text_color=&#8221;#00748a&#8221; background_color=&#8221;RGBA(255,255,255,0)&#8221; width=&#8221;80%&#8221; max_width=&#8221;80%&#8221; module_alignment=&#8221;center&#8221; custom_margin=&#8221;10px|10px|10px|10px|true|true&#8221; custom_padding=&#8221;10px|20px|10px|20px|true|true&#8221; filter_opacity=&#8221;81%&#8221; hover_enabled=&#8221;0&#8243; border_radii=&#8221;on|25px|25px|25px|25px&#8221; box_shadow_style=&#8221;preset2&#8243; global_colors_info=&#8221;{}&#8221; sticky_enabled=&#8221;0&#8243;]<\/p>\n<h2>They have already signed:<\/h2>\n<p>&nbsp;<\/p>\n<h5>So far, 253 public authorities have already signed the ePLANET Joint Agreement. Among others:<\/h5>\n<h5>Zl\u00ednsk\u00fd Kraj; Ajuntament de Girona; Municipality of Heraklion; Statut\u00e1rn\u00ed m\u011bsto Zl\u00edn; South East Energy Agency (Kilkenny); Agency for Energy Efficiency and Environmental Protection of Bucharest; Comunidade Intermunicipal do T\u0203mega e Sousa; Regional Development Fund of Central Macedonia; Union of Bulgarian Black Sea Local Authorities; Consell Comarcal del Baix Llobregat; Municipality of Chania; Agentura krajsk\u00e9ho energetick\u00e9ho managementu Karlovarsk\u00e9ho kraje; Municipality of Fyli; Olomouck\u00fd kraj; Region B\u00edl\u00e9 Karpaty; Consell Comarcal de la Noguera; Consell Comarcal del Pallars Juss\u00e0; M\u011bsto Bojkovice; M\u011bsto Brumov-Bylnice; M\u011bsto Fry\u0161t\u00e1k; M\u011bsto Hluk; M\u011bsto Hole\u0161ov; M\u011bsto Hul\u00edn; M\u011bsto Karolinka; M\u011bsto Krom\u011b\u0159\u00ed\u017e; M\u011bsto Luha\u010dovice; M\u011bsto Ro\u017enov pod Radho\u0161t\u011bm; M\u011bsto Slavi\u010d\u00edn; M\u011bsto Trnava; M\u011bsto Uhersk\u00e9 Hradi\u0161t\u011b; M\u011bsto Uhersk\u00fd Brod; M\u011bsto Uhersk\u00fd Ostroh; M\u011bsto Vala\u0161sk\u00e9 Klobouky; M\u011bsto Vizovice; M\u011bsto Zub\u0159\u00ed; M\u011bstys Nov\u00fd Hrozenkov; M\u011bstys Pozlovice; Municipality of Anogia; Municipality of Apokoronas; Municipality of Hersonissos; Municipality of Kantanou-Selinou; Municipality of Minoa Pediada; Municipality of Platanias; Ajuntament de Puigcerd\u00e0; Obec Bohuslavice u Zl\u00edna; Ajuntament de Ripoll; Ajuntament de Celr\u00e0; Ajuntament de Torroella de Montgr\u00ed; Ajuntament Cornell\u00e0 del Terri; Ajuntament d\u2019Agullana; Ajuntament d\u2019Aiguaviva; Ajuntament d\u2019Albons; Ajuntament d\u2019Amer; Ajuntament d\u2019Angl\u00e8s; Ajuntament d\u2019Avinyonet de Puigvent\u00f3s; Ajuntament d\u2019Esponell\u00e0; Ajuntament d\u2019Ogassa; Ajuntament d\u2019Olot; Ajuntament d\u2019Ullastret; Ajuntament de B\u00e0scara; Ajuntament de Begur; Ajuntament de Bellcaire d\u2019Empord\u00e0; Ajuntament de Bescan\u00f3; Ajuntament de Beuda; Ajuntament d\u2019Ull\u00e0; Ajuntament de Blanes; Ajuntament de Cabanes; Ajuntament de Calonge i Sant Antoni; Ajuntament de Canet d\u2019Adri; Ajuntament de Capmany; Ajuntament de Cass\u00e0 de la Selva; Ajuntament de Castellfollit de la Roca; Ajuntament de Cistella; Ajuntament de Colomers; Ajuntament de Das; Ajuntament de Forallac; Ajuntament de Fornells de la Selva; Ajuntament de Garrigoles; Ajuntament de Gombr\u00e8n; Ajuntament de Gualta; Ajuntament de Jui\u00e0; Ajuntament de la Bisbal d\u2019Empord\u00e0; Ajuntament de la Cellera de Ter; Ajuntament de La Pera; Ajuntament de la Tallada d\u2019Empord\u00e0; Ajuntament de la Vall d\u2019en Bas; Ajuntament de La Vall de Bianya; Ajuntament de Les Preses; Ajuntament de Llad\u00f3; Ajuntament de Llagostera; Ajuntament de Llambilles; Ajuntament de Llan\u00e7\u00e0; Ajuntament de Ma\u00e7anet de Cabrenys; Ajuntament de Madremanya; Ajuntament de Mai\u00e0 de Montcal; Ajuntament de Meranges; Ajuntament de Mont-ras; Ajuntament de Palafrugell; Ajuntament de Palau de Santa Eul\u00e0lia; Ajuntament de Palau-sator; Ajuntament de Palol de Revardit; Ajuntament de Pals; Ajuntament de Pardines; Ajuntament de Parlav\u00e0; Ajuntament de Peralada; Ajuntament de Planoles; Ajuntament de Pont de Molins; Ajuntament de Pont\u00f3s; Ajuntament de Porqueres; Ajuntament de Portbou; Ajuntament de Puig-reig; Ajuntament de Quart; Ajuntament de Queralbs; Ajuntament de Regenc\u00f3s; Ajuntament de Riells i Viabrea; Ajuntament de Riudellots de la Selva; Ajuntament de Rupi\u00e0; Ajuntament de Sales de Llierca; Ajuntament de Sant Andreu Salou; Ajuntament de Sant Aniol de Finestres; Ajuntament de Sant Climent Sescebes; Ajuntament de Sant Feliu de Gu\u00edxols; Ajuntament de Sant Gregori; Ajuntament de Sant Hilari Sacalm; Ajuntament de Sant Joan de les Abadesses; Ajuntament de Sant Joan de Mollet; Ajuntament de Sant Jordi Desvalls; Ajuntament de Sant Juli\u00e0 de Ramis; Ajuntament de Sant Juli\u00e0 del Llor i Bonmat\u00ed; Ajuntament de Sant Lloren\u00e7 de la Muga; Ajuntament de Sant Mart\u00ed de Ll\u00e9mena; Ajuntament de Sant Miquel de Campmajor; Ajuntament de Sant Miquel de Fluvi\u00e0; Ajuntament de Sant Pau de Seg\u00faries; Ajuntament de Santa Cristina d\u2019Aro; Ajuntament de Santa Pau; Ajuntament de Sarri\u00e0 de Ter; Ajuntament de Seriny\u00e0; Ajuntament de Setcases; Ajuntament de Torrent; Ajuntament de Tortell\u00e0; Ajuntament de Vallfogona del Ripoll\u00e8s; Ajuntament de Vall-llobrega; Ajuntament de Verges; Ajuntament de Vidr\u00e0; Ajuntament de Vidreres; Ajuntament de Vilablareix; Ajuntament de Viladamat; Ajuntament de Vilademuls; Ajuntament de Vilafant; Ajuntament de Vilanant; Ajuntament de Vila-sacra; Ajuntament de Vilob\u00ed d\u2019Onyar; Ajuntament de Vilopriu; Teplo Zl\u00edn, a.s.; CEJIZA, s. r. o.; EG\u00da Brno, a.s.; Jihomoravsk\u00e1 agentura pro ve\u0159ejn\u00e9 inovace JINAG, spolek; MAS V\u00fdchodn\u00ed Slov\u00e1cko, z.s.; Obec B\u00e1nov; Obec Ba\u0159ice-Velk\u00e9 T\u011b\u0161any; Obec Biskupice u Luha\u010dovic; Obec Bohuslavice nad Vl\u00e1\u0159\u00ed; Obec Bo\u0159enovice; Obec Branky; Obec B\u0159est; Obec B\u0159ezolupy; Obec Brusn\u00e9; Obec Byst\u0159i\u010dka; Obec Chval\u010dov; Obec Chvalnov-L\u00edsky; Obec Doln\u00ed Be\u010dva; Obec Doln\u00ed Lhota; Obec Doln\u00ed N\u011bm\u010di; Obec D\u0159\u00ednov; Obec Drslavice; Obec Halenkovice; Obec Horn\u00ed Be\u010dva; Obec Horn\u00ed Lapa\u010d; Obec Horn\u00ed Lhota; Obec Horn\u00ed N\u011bm\u010d\u00ed; Obec Host\u011bjov; Obec Hov\u011bz\u00ed; Obec H\u0159iv\u00edn\u016fv \u00dajezd; Obec Hrobice; Obec Huslenky; Obec Hutisko-Solanec; Obec Jalub\u00ed; Obec Jarcov\u00e1; Obec Jasenn\u00e1; Obec Ka\u0161ava; Obec Kate\u0159inice; Obec Kom\u00e1rno; Obec Korytn\u00e1; Obec Kostelec u Hole\u0161ova; Obec Kvasice; Obec Kyselovice; Obec Lipt\u00e1l; Obec Lopen\u00edk; Obec Ludslavice; Obec Modr\u00e1; Obec Nedakonice; Obec Neda\u0161ov; Obec Neda\u0161ova Lhota; Obec Neubuz; Obec Nezdenice; Obec Ostro\u017esk\u00e1 Nov\u00e1 Ves; Obec Pacetluky; Obec Pa\u010dlavice; Obec Petr\u016fvka; Obec Podol\u00ed; Obec Poho\u0159elice; Obec Poli\u010dn\u00e1; Obec Popovice; Obec Pote\u010d; Obec Prak\u0161ice; Obec Prav\u010dice; Obec Rackov\u00e1; Obec Rajnochovice; Obec Rokytnice; Obec Ro\u0161t\u00edn; Obec Rudice; Obec Rudimov; Obec Rusava; Obec Rymice; Obec Sala\u0161; Obec \u0160arovy; Obec Slavkov; Obec Slavkov pod Host\u00fdnem; Obec Spytihn\u011bv; Obec \u0160t\u00edtn\u00e1 nad Vl\u00e1\u0159\u00ed-Popov; Obec Str\u00e1n\u00ed; Obec St\u0159\u00edbrnice; Obec Such\u00e1 Loz; Obec Topoln\u00e1; Obec Tupesy; Obec Ublo; Obec Vala\u0161sk\u00e1 Byst\u0159ice; Obec Vala\u0161sk\u00e1 Polanka; Obec V\u00e1penice; Obec V\u00e1\u017eany; Obec Velk\u00fd O\u0159echov; Obec Vl\u010dnov; Obec Vrbka; Obec V\u0161emina; Obec Vy\u0161kovec; Obec Vysok\u00e9 Pole; Obec Z\u00e1dve\u0159ice-Rakov\u00e1; Obec \u017dalkovice; Obec Z\u00e1\u0159i\u010d\u00ed; Obec Zd\u011bchov; Obec \u017deranovice; Obec \u017dlutava;<\/h5>\n<p>[\/et_pb_text][et_pb_image src=&#8221;https:\/\/www.eplaneth2020.eu\/wp-content\/uploads\/2024\/06\/ePLANET-Joint-Agreement-button-03-300&#215;63.png&#8221; title_text=&#8221;ePLANET Joint Agreement &#8211; button 03&#8243; url=&#8221;https:\/\/docs.google.com\/forms\/d\/e\/1FAIpQLSeJEAkVu2AEEuMUUnNuG0N9pORdSY1l3MzakbaST-0jfqcODA\/viewform&#8221; url_new_window=&#8221;on&#8221; align=&#8221;center&#8221; admin_label=&#8221;Image &#8211; Button Sign the Joint Agreement &#8221; _builder_version=&#8221;4.25.1&#8243; _module_preset=&#8221;default&#8221; custom_padding=&#8221;40px|25px|40px|25px|true|true&#8221; global_colors_info=&#8221;{}&#8221;][\/et_pb_image][\/et_pb_column][\/et_pb_row][\/et_pb_section]<\/p>\n","protected":false},"excerpt":{"rendered":"<p>ePLANET Joint Agreement<\/p>\n","protected":false},"author":2,"featured_media":0,"parent":0,"menu_order":0,"comment_status":"closed","ping_status":"closed","template":"","meta":{"_acf_changed":false,"_et_pb_use_builder":"on","_et_pb_old_content":"","_et_gb_content_width":"","footnotes":""},"class_list":["post-2788","page","type-page","status-publish","hentry"],"acf":[],"yoast_head":"<!-- This site is optimized with the Yoast SEO plugin v27.3 - https:\/\/yoast.com\/product\/yoast-seo-wordpress\/ -->\n<title>ePLANET Joint Agreement<\/title>\n<meta name=\"description\" content=\"Open Call of ePLANET H2020 project - how to accelerate the energy transition in your region\" \/>\n<meta name=\"robots\" content=\"index, follow, max-snippet:-1, max-image-preview:large, max-video-preview:-1\" \/>\n<link rel=\"canonical\" href=\"https:\/\/www.eplaneth2020.eu\/el\/joint-agreement\/\" \/>\n<meta property=\"og:locale\" content=\"el_GR\" \/>\n<meta property=\"og:type\" content=\"article\" \/>\n<meta property=\"og:title\" content=\"ePLANET Joint Agreement\" \/>\n<meta property=\"og:description\" content=\"Open Call of ePLANET H2020 project - how to accelerate the energy transition in your region\" \/>\n<meta property=\"og:url\" content=\"https:\/\/www.eplaneth2020.eu\/el\/joint-agreement\/\" \/>\n<meta property=\"og:site_name\" content=\"eplanet h2020\" \/>\n<meta property=\"article:modified_time\" content=\"2024-06-07T11:21:38+00:00\" \/>\n<meta name=\"twitter:card\" content=\"summary_large_image\" \/>\n<meta name=\"twitter:label1\" content=\"\u0395\u03ba\u03c4\u03b9\u03bc\u03ce\u03bc\u03b5\u03bd\u03bf\u03c2 \u03c7\u03c1\u03cc\u03bd\u03bf\u03c2 \u03b1\u03bd\u03ac\u03b3\u03bd\u03c9\u03c3\u03b7\u03c2\" \/>\n\t<meta name=\"twitter:data1\" content=\"9 \u03bb\u03b5\u03c0\u03c4\u03ac\" \/>\n<script type=\"application\/ld+json\" class=\"yoast-schema-graph\">{\"@context\":\"https:\\\/\\\/schema.org\",\"@graph\":[{\"@type\":\"WebPage\",\"@id\":\"https:\\\/\\\/www.eplaneth2020.eu\\\/el\\\/joint-agreement\\\/\",\"url\":\"https:\\\/\\\/www.eplaneth2020.eu\\\/el\\\/joint-agreement\\\/\",\"name\":\"ePLANET Joint Agreement\",\"isPartOf\":{\"@id\":\"https:\\\/\\\/www.eplaneth2020.eu\\\/#website\"},\"datePublished\":\"2024-06-02T11:06:56+00:00\",\"dateModified\":\"2024-06-07T11:21:38+00:00\",\"description\":\"Open Call of ePLANET H2020 project - how to accelerate the energy transition in your region\",\"breadcrumb\":{\"@id\":\"https:\\\/\\\/www.eplaneth2020.eu\\\/el\\\/joint-agreement\\\/#breadcrumb\"},\"inLanguage\":\"el\",\"potentialAction\":[{\"@type\":\"ReadAction\",\"target\":[\"https:\\\/\\\/www.eplaneth2020.eu\\\/el\\\/joint-agreement\\\/\"]}]},{\"@type\":\"BreadcrumbList\",\"@id\":\"https:\\\/\\\/www.eplaneth2020.eu\\\/el\\\/joint-agreement\\\/#breadcrumb\",\"itemListElement\":[{\"@type\":\"ListItem\",\"position\":1,\"name\":\"Home\",\"item\":\"https:\\\/\\\/www.eplaneth2020.eu\\\/el\\\/\"},{\"@type\":\"ListItem\",\"position\":2,\"name\":\"Joint Agreement\"}]},{\"@type\":\"WebSite\",\"@id\":\"https:\\\/\\\/www.eplaneth2020.eu\\\/#website\",\"url\":\"https:\\\/\\\/www.eplaneth2020.eu\\\/\",\"name\":\"eplanet h2020\",\"description\":\"eplanet project facilitating the adoption of coordinated energy transition actions by the European public sector\",\"publisher\":{\"@id\":\"https:\\\/\\\/www.eplaneth2020.eu\\\/#organization\"},\"potentialAction\":[{\"@type\":\"SearchAction\",\"target\":{\"@type\":\"EntryPoint\",\"urlTemplate\":\"https:\\\/\\\/www.eplaneth2020.eu\\\/?s={search_term_string}\"},\"query-input\":{\"@type\":\"PropertyValueSpecification\",\"valueRequired\":true,\"valueName\":\"search_term_string\"}}],\"inLanguage\":\"el\"},{\"@type\":\"Organization\",\"@id\":\"https:\\\/\\\/www.eplaneth2020.eu\\\/#organization\",\"name\":\"eplanet h2020\",\"url\":\"https:\\\/\\\/www.eplaneth2020.eu\\\/\",\"logo\":{\"@type\":\"ImageObject\",\"inLanguage\":\"el\",\"@id\":\"https:\\\/\\\/www.eplaneth2020.eu\\\/#\\\/schema\\\/logo\\\/image\\\/\",\"url\":\"https:\\\/\\\/www.eplaneth2020.eu\\\/wp-content\\\/uploads\\\/2021\\\/12\\\/eplanet.png\",\"contentUrl\":\"https:\\\/\\\/www.eplaneth2020.eu\\\/wp-content\\\/uploads\\\/2021\\\/12\\\/eplanet.png\",\"width\":362,\"height\":159,\"caption\":\"eplanet h2020\"},\"image\":{\"@id\":\"https:\\\/\\\/www.eplaneth2020.eu\\\/#\\\/schema\\\/logo\\\/image\\\/\"}}]}<\/script>\n<!-- \/ Yoast SEO plugin. -->","yoast_head_json":{"title":"ePLANET Joint Agreement","description":"Open Call of ePLANET H2020 project - how to accelerate the energy transition in your region","robots":{"index":"index","follow":"follow","max-snippet":"max-snippet:-1","max-image-preview":"max-image-preview:large","max-video-preview":"max-video-preview:-1"},"canonical":"https:\/\/www.eplaneth2020.eu\/el\/joint-agreement\/","og_locale":"el_GR","og_type":"article","og_title":"ePLANET Joint Agreement","og_description":"Open Call of ePLANET H2020 project - how to accelerate the energy transition in your region","og_url":"https:\/\/www.eplaneth2020.eu\/el\/joint-agreement\/","og_site_name":"eplanet h2020","article_modified_time":"2024-06-07T11:21:38+00:00","twitter_card":"summary_large_image","twitter_misc":{"\u0395\u03ba\u03c4\u03b9\u03bc\u03ce\u03bc\u03b5\u03bd\u03bf\u03c2 \u03c7\u03c1\u03cc\u03bd\u03bf\u03c2 \u03b1\u03bd\u03ac\u03b3\u03bd\u03c9\u03c3\u03b7\u03c2":"9 \u03bb\u03b5\u03c0\u03c4\u03ac"},"schema":{"@context":"https:\/\/schema.org","@graph":[{"@type":"WebPage","@id":"https:\/\/www.eplaneth2020.eu\/el\/joint-agreement\/","url":"https:\/\/www.eplaneth2020.eu\/el\/joint-agreement\/","name":"ePLANET Joint Agreement","isPartOf":{"@id":"https:\/\/www.eplaneth2020.eu\/#website"},"datePublished":"2024-06-02T11:06:56+00:00","dateModified":"2024-06-07T11:21:38+00:00","description":"Open Call of ePLANET H2020 project - how to accelerate the energy transition in your region","breadcrumb":{"@id":"https:\/\/www.eplaneth2020.eu\/el\/joint-agreement\/#breadcrumb"},"inLanguage":"el","potentialAction":[{"@type":"ReadAction","target":["https:\/\/www.eplaneth2020.eu\/el\/joint-agreement\/"]}]},{"@type":"BreadcrumbList","@id":"https:\/\/www.eplaneth2020.eu\/el\/joint-agreement\/#breadcrumb","itemListElement":[{"@type":"ListItem","position":1,"name":"Home","item":"https:\/\/www.eplaneth2020.eu\/el\/"},{"@type":"ListItem","position":2,"name":"Joint Agreement"}]},{"@type":"WebSite","@id":"https:\/\/www.eplaneth2020.eu\/#website","url":"https:\/\/www.eplaneth2020.eu\/","name":"eplanet h2020","description":"eplanet project facilitating the adoption of coordinated energy transition actions by the European public sector","publisher":{"@id":"https:\/\/www.eplaneth2020.eu\/#organization"},"potentialAction":[{"@type":"SearchAction","target":{"@type":"EntryPoint","urlTemplate":"https:\/\/www.eplaneth2020.eu\/?s={search_term_string}"},"query-input":{"@type":"PropertyValueSpecification","valueRequired":true,"valueName":"search_term_string"}}],"inLanguage":"el"},{"@type":"Organization","@id":"https:\/\/www.eplaneth2020.eu\/#organization","name":"eplanet h2020","url":"https:\/\/www.eplaneth2020.eu\/","logo":{"@type":"ImageObject","inLanguage":"el","@id":"https:\/\/www.eplaneth2020.eu\/#\/schema\/logo\/image\/","url":"https:\/\/www.eplaneth2020.eu\/wp-content\/uploads\/2021\/12\/eplanet.png","contentUrl":"https:\/\/www.eplaneth2020.eu\/wp-content\/uploads\/2021\/12\/eplanet.png","width":362,"height":159,"caption":"eplanet h2020"},"image":{"@id":"https:\/\/www.eplaneth2020.eu\/#\/schema\/logo\/image\/"}}]}},"_links":{"self":[{"href":"https:\/\/www.eplaneth2020.eu\/el\/wp-json\/wp\/v2\/pages\/2788","targetHints":{"allow":["GET"]}}],"collection":[{"href":"https:\/\/www.eplaneth2020.eu\/el\/wp-json\/wp\/v2\/pages"}],"about":[{"href":"https:\/\/www.eplaneth2020.eu\/el\/wp-json\/wp\/v2\/types\/page"}],"author":[{"embeddable":true,"href":"https:\/\/www.eplaneth2020.eu\/el\/wp-json\/wp\/v2\/users\/2"}],"replies":[{"embeddable":true,"href":"https:\/\/www.eplaneth2020.eu\/el\/wp-json\/wp\/v2\/comments?post=2788"}],"version-history":[{"count":1,"href":"https:\/\/www.eplaneth2020.eu\/el\/wp-json\/wp\/v2\/pages\/2788\/revisions"}],"predecessor-version":[{"id":2809,"href":"https:\/\/www.eplaneth2020.eu\/el\/wp-json\/wp\/v2\/pages\/2788\/revisions\/2809"}],"wp:attachment":[{"href":"https:\/\/www.eplaneth2020.eu\/el\/wp-json\/wp\/v2\/media?parent=2788"}],"curies":[{"name":"wp","href":"https:\/\/api.w.org\/{rel}","templated":true}]}}